{"id":127,"date":"2021-05-18T15:24:50","date_gmt":"2021-05-18T13:24:50","guid":{"rendered":"https:\/\/valsainte.ch\/?page_id=127"},"modified":"2021-10-05T10:25:17","modified_gmt":"2021-10-05T08:25:17","slug":"accueil","status":"publish","type":"page","link":"https:\/\/valsainte.ch\/en\/","title":{"rendered":"Home"},"content":{"rendered":"<div class=\"wp-block-cover alignfull has-background-dim\"><img loading=\"lazy\" decoding=\"async\" width=\"2560\" height=\"1526\" class=\"wp-block-cover__image-background wp-image-128\" alt=\"\" src=\"http:\/\/valsainte.ch\/wp-content\/uploads\/2021\/05\/ffd6c0754982a9daaf7f178022f2e8a3-scaled.jpg\" data-object-fit=\"cover\" srcset=\"https:\/\/valsainte.ch\/wp-content\/uploads\/2021\/05\/ffd6c0754982a9daaf7f178022f2e8a3-scaled.jpg 2560w, https:\/\/valsainte.ch\/wp-content\/uploads\/2021\/05\/ffd6c0754982a9daaf7f178022f2e8a3-300x179.jpg 300w, https:\/\/valsainte.ch\/wp-content\/uploads\/2021\/05\/ffd6c0754982a9daaf7f178022f2e8a3-1024x610.jpg 1024w, https:\/\/valsainte.ch\/wp-content\/uploads\/2021\/05\/ffd6c0754982a9daaf7f178022f2e8a3-768x458.jpg 768w, https:\/\/valsainte.ch\/wp-content\/uploads\/2021\/05\/ffd6c0754982a9daaf7f178022f2e8a3-1536x916.jpg 1536w, https:\/\/valsainte.ch\/wp-content\/uploads\/2021\/05\/ffd6c0754982a9daaf7f178022f2e8a3-2048x1221.jpg 2048w, https:\/\/valsainte.ch\/wp-content\/uploads\/2021\/05\/ffd6c0754982a9daaf7f178022f2e8a3-16x10.jpg 16w, https:\/\/valsainte.ch\/wp-content\/uploads\/2021\/05\/ffd6c0754982a9daaf7f178022f2e8a3-1320x787.jpg 1320w, https:\/\/valsainte.ch\/wp-content\/uploads\/2021\/05\/ffd6c0754982a9daaf7f178022f2e8a3-600x358.jpg 600w\" sizes=\"auto, (max-width: 2560px) 100vw, 2560px\" \/><div class=\"wp-block-cover__inner-container is-layout-flow wp-block-cover-is-layout-flow\">\n<blockquote class=\"wp-block-quote has-text-align-center is-style-large is-layout-flow wp-block-quote-is-layout-flow\"><p>\" Beauty will save the world. \"<\/p><cite>Dosto\u00efevski \u2013 Vevey, summer of 1868<\/cite><\/blockquote>\n<\/div><\/div>\n\n\n\n<p><code><div class=\"woocommerce columns-3\"><ul class=\"products columns-3\">\n<li class=\"product type-product post-108 status-publish first instock product_cat-poemes has-post-thumbnail taxable shipping-taxable purchasable product-type-simple\">\n\t<a href=\"https:\/\/valsainte.ch\/en\/product\/anthologie-i\/\" class=\"woocommerce-LoopProduct-link woocommerce-loop-product__link\"><img loading=\"lazy\" decoding=\"async\" width=\"300\" height=\"450\" src=\"https:\/\/valsainte.ch\/wp-content\/uploads\/2021\/06\/anthologie-i-300x450.jpg\" class=\"attachment-woocommerce_thumbnail size-woocommerce_thumbnail\" alt=\"Anthologie I\" \/><h2 class=\"woocommerce-loop-product__title\">Anthologie I<\/h2>\n\t<span class=\"price\"><span class=\"woocommerce-Price-amount amount\"><bdi><span class=\"woocommerce-Price-currencySymbol\">&#67;&#72;&#70;<\/span>&nbsp;5.00<\/bdi><\/span><\/span>\n<\/a><a href=\"\/en\/wp-json\/wp\/v2\/pages\/127?add-to-cart=108\" aria-describedby=\"woocommerce_loop_add_to_cart_link_describedby_108\" data-quantity=\"1\" class=\"button product_type_simple add_to_cart_button ajax_add_to_cart\" data-product_id=\"108\" data-product_sku=\"\" aria-label=\"Add to cart: \u201cAnthologie I\u201d\" rel=\"nofollow\" data-success_message=\"\u201cAnthologie I\u201d has been added to your cart\" role=\"button\" data-no-translation=\"\" data-trp-gettext=\"\" data-no-translation-aria-label=\"\" data-no-translation-data-success_message=\"\">Add to cart<\/a>\t<span id=\"woocommerce_loop_add_to_cart_link_describedby_108\" class=\"screen-reader-text\">\n\t\t\t<\/span>\n<\/li>\n<li class=\"product type-product post-117 status-publish instock product_cat-poemes has-post-thumbnail taxable shipping-taxable purchasable product-type-simple\">\n\t<a href=\"https:\/\/valsainte.ch\/en\/product\/anthologie-iii\/\" class=\"woocommerce-LoopProduct-link woocommerce-loop-product__link\"><img loading=\"lazy\" decoding=\"async\" width=\"300\" height=\"450\" src=\"https:\/\/valsainte.ch\/wp-content\/uploads\/2021\/05\/anthologie-iii-300x450.jpg\" class=\"attachment-woocommerce_thumbnail size-woocommerce_thumbnail\" alt=\"Anthologie III\" \/><h2 class=\"woocommerce-loop-product__title\">Anthologie III<\/h2>\n\t<span class=\"price\"><span class=\"woocommerce-Price-amount amount\"><bdi><span class=\"woocommerce-Price-currencySymbol\">&#67;&#72;&#70;<\/span>&nbsp;5.00<\/bdi><\/span><\/span>\n<\/a><a href=\"\/en\/wp-json\/wp\/v2\/pages\/127?add-to-cart=117\" aria-describedby=\"woocommerce_loop_add_to_cart_link_describedby_117\" data-quantity=\"1\" class=\"button product_type_simple add_to_cart_button ajax_add_to_cart\" data-product_id=\"117\" data-product_sku=\"\" aria-label=\"Add to cart: \u201cAnthologie III\u201d\" rel=\"nofollow\" data-success_message=\"\u201cAnthologie III\u201d has been added to your cart\" role=\"button\" data-no-translation=\"\" data-trp-gettext=\"\" data-no-translation-aria-label=\"\" data-no-translation-data-success_message=\"\">Add to cart<\/a>\t<span id=\"woocommerce_loop_add_to_cart_link_describedby_117\" class=\"screen-reader-text\">\n\t\t\t<\/span>\n<\/li>\n<li class=\"product type-product post-110 status-publish last instock product_cat-poemes has-post-thumbnail taxable shipping-taxable purchasable product-type-simple\">\n\t<a href=\"https:\/\/valsainte.ch\/en\/product\/anthologie-ii\/\" class=\"woocommerce-LoopProduct-link woocommerce-loop-product__link\"><img loading=\"lazy\" decoding=\"async\" width=\"300\" height=\"450\" src=\"https:\/\/valsainte.ch\/wp-content\/uploads\/2021\/05\/anthologie-ii-300x450.jpg\" class=\"attachment-woocommerce_thumbnail size-woocommerce_thumbnail\" alt=\"Anthologie II\" \/><h2 class=\"woocommerce-loop-product__title\">Anthologie II<\/h2>\n\t<span class=\"price\"><span class=\"woocommerce-Price-amount amount\"><bdi><span class=\"woocommerce-Price-currencySymbol\">&#67;&#72;&#70;<\/span>&nbsp;5.00<\/bdi><\/span><\/span>\n<\/a><a href=\"\/en\/wp-json\/wp\/v2\/pages\/127?add-to-cart=110\" aria-describedby=\"woocommerce_loop_add_to_cart_link_describedby_110\" data-quantity=\"1\" class=\"button product_type_simple add_to_cart_button ajax_add_to_cart\" data-product_id=\"110\" data-product_sku=\"\" aria-label=\"Add to cart: \u201cAnthologie II\u201d\" rel=\"nofollow\" data-success_message=\"\u201cAnthologie II\u201d has been added to your cart\" role=\"button\" data-no-translation=\"\" data-trp-gettext=\"\" data-no-translation-aria-label=\"\" data-no-translation-data-success_message=\"\">Add to cart<\/a>\t<span id=\"woocommerce_loop_add_to_cart_link_describedby_110\" class=\"screen-reader-text\">\n\t\t\t<\/span>\n<\/li>\n<\/ul>\n<\/div><\/code><\/p>\n\n\n\n<div class=\"wp-block-buttons is-content-justification-center is-layout-flex wp-block-buttons-is-layout-flex\">\n<div class=\"wp-block-button\"><a class=\"wp-block-button__link\" href=\"https:\/\/valsainte.ch\/en\/nos-livres\/\">Explore our books<\/a><\/div>\n<\/div>\n\n\n\n<div class=\"wp-block-columns vertical-aligned is-layout-flex wp-container-core-columns-is-layout-9d6595d7 wp-block-columns-is-layout-flex\">\n<div class=\"wp-block-column is-layout-flow wp-block-column-is-layout-flow\" style=\"flex-basis:33.33%\">\n<figure class=\"wp-block-image size-large\"><img loading=\"lazy\" decoding=\"async\" width=\"1024\" height=\"1024\" src=\"http:\/\/valsainte.ch\/wp-content\/uploads\/2021\/05\/logo_valsainte_FondTransp-e1621327880531-1024x1024.png\" alt=\"La Valsainte\" class=\"wp-image-22\" srcset=\"https:\/\/valsainte.ch\/wp-content\/uploads\/2021\/05\/logo_valsainte_FondTransp-e1621327880531-1024x1024.png 1024w, https:\/\/valsainte.ch\/wp-content\/uploads\/2021\/05\/logo_valsainte_FondTransp-e1621327880531-300x300.png 300w, https:\/\/valsainte.ch\/wp-content\/uploads\/2021\/05\/logo_valsainte_FondTransp-e1621327880531-100x100.png 100w, https:\/\/valsainte.ch\/wp-content\/uploads\/2021\/05\/logo_valsainte_FondTransp-e1621327880531-600x600.png 600w, https:\/\/valsainte.ch\/wp-content\/uploads\/2021\/05\/logo_valsainte_FondTransp-e1621327880531-150x150.png 150w, https:\/\/valsainte.ch\/wp-content\/uploads\/2021\/05\/logo_valsainte_FondTransp-e1621327880531-768x768.png 768w, https:\/\/valsainte.ch\/wp-content\/uploads\/2021\/05\/logo_valsainte_FondTransp-e1621327880531-1536x1536.png 1536w, https:\/\/valsainte.ch\/wp-content\/uploads\/2021\/05\/logo_valsainte_FondTransp-e1621327880531.png 1999w\" sizes=\"auto, (max-width: 1024px) 100vw, 1024px\" \/><\/figure>\n<\/div>\n\n\n\n<div class=\"wp-block-column is-layout-flow wp-block-column-is-layout-flow\" style=\"flex-basis:66.66%\">\n<div class=\"wp-block-group\"><div class=\"wp-block-group__inner-container is-layout-flow wp-block-group-is-layout-flow\">\n<h3 class=\"wp-block-heading\">La Valsainte<\/h3>\n\n\n\n<p><em>Les \u00e9ditions La Valsainte publishing house was founded in 1999 in the Valsainte neighborhood in Vevey, on the shores of Lake Geneva in Switzerland. They published in facsimile the book by Jean-Jacques Dufour, winegrower from the Vevey region who emigrated to the United States in 1796, and founded the town of Vevay, capital of Switzerland County in the state of Indiana.<\/em><\/p>\n\n\n\n<div class=\"wp-block-buttons is-content-justification-center is-layout-flex wp-block-buttons-is-layout-flex\">\n<div class=\"wp-block-button\"><a class=\"wp-block-button__link\" href=\"https:\/\/valsainte.ch\/en\/contact\/\">Contact us<\/a><\/div>\n<\/div>\n<\/div><\/div>\n\n\n\n<p><\/p>\n<\/div>\n<\/div>\n\n\n\n<div class=\"wp-block-columns vertical-aligned is-layout-flex wp-container-core-columns-is-layout-9d6595d7 wp-block-columns-is-layout-flex\">\n<div class=\"wp-block-column is-layout-flow wp-block-column-is-layout-flow\" style=\"flex-basis:33.33%\">\n<figure class=\"wp-block-image size-full\"><img loading=\"lazy\" decoding=\"async\" width=\"512\" height=\"512\" src=\"https:\/\/valsainte.ch\/wp-content\/uploads\/2021\/09\/logo.png\" alt=\"\" class=\"wp-image-246\" srcset=\"https:\/\/valsainte.ch\/wp-content\/uploads\/2021\/09\/logo.png 512w, https:\/\/valsainte.ch\/wp-content\/uploads\/2021\/09\/logo-400x400.png 400w, https:\/\/valsainte.ch\/wp-content\/uploads\/2021\/09\/logo-150x150.png 150w, https:\/\/valsainte.ch\/wp-content\/uploads\/2021\/09\/logo-12x12.png 12w, https:\/\/valsainte.ch\/wp-content\/uploads\/2021\/09\/logo-100x100.png 100w\" sizes=\"auto, (max-width: 512px) 100vw, 512px\" \/><\/figure>\n<\/div>\n\n\n\n<div class=\"wp-block-column is-layout-flow wp-block-column-is-layout-flow\" style=\"flex-basis:66.66%\">\n<div class=\"wp-block-group\"><div class=\"wp-block-group__inner-container is-layout-flow wp-block-group-is-layout-flow\">\n<h3 class=\"wp-block-heading\">Doxilog \u00ae<\/h3>\n\n\n\n<p><em>Obtenez le niveau de difficult\u00e9 d&rsquo;un texte, simplement en prenant une photo. L&rsquo;application est d\u00e9sormais disponible sur Android et iOS.<\/em><\/p>\n\n\n\n<div class=\"wp-block-buttons is-content-justification-center is-layout-flex wp-block-buttons-is-layout-flex\">\n<div class=\"wp-block-button\"><a class=\"wp-block-button__link\" href=\"https:\/\/play.google.com\/store\/apps\/details?id=com.doxilog\" target=\"_blank\" rel=\"noreferrer noopener\">Installer sur Android<\/a><\/div>\n\n\n\n<div class=\"wp-block-button\"><a class=\"wp-block-button__link\" href=\"https:\/\/apps.apple.com\/us\/app\/doxilog\/id1581946341\" target=\"_blank\" rel=\"noreferrer noopener\">Installer sur iOS<\/a><\/div>\n<\/div>\n<\/div><\/div>\n\n\n\n<p><\/p>\n<\/div>\n<\/div>\n\n\n\n<p><\/p>","protected":false},"excerpt":{"rendered":"<p>La Valsainte Les \u00e9ditions La Valsainte ont \u00e9t\u00e9 fond\u00e9es en 1999 dans le quartier de la Valsainte \u00e0 Vevey au [&hellip;]<\/p>\n","protected":false},"author":3,"featured_media":0,"parent":0,"menu_order":0,"comment_status":"closed","ping_status":"closed","template":"","meta":{"footnotes":""},"class_list":["post-127","page","type-page","status-publish","hentry"],"_links":{"self":[{"href":"https:\/\/valsainte.ch\/en\/wp-json\/wp\/v2\/pages\/127","targetHints":{"allow":["GET"]}}],"collection":[{"href":"https:\/\/valsainte.ch\/en\/wp-json\/wp\/v2\/pages"}],"about":[{"href":"https:\/\/valsainte.ch\/en\/wp-json\/wp\/v2\/types\/page"}],"author":[{"embeddable":true,"href":"https:\/\/valsainte.ch\/en\/wp-json\/wp\/v2\/users\/3"}],"replies":[{"embeddable":true,"href":"https:\/\/valsainte.ch\/en\/wp-json\/wp\/v2\/comments?post=127"}],"version-history":[{"count":12,"href":"https:\/\/valsainte.ch\/en\/wp-json\/wp\/v2\/pages\/127\/revisions"}],"predecessor-version":[{"id":251,"href":"https:\/\/valsainte.ch\/en\/wp-json\/wp\/v2\/pages\/127\/revisions\/251"}],"wp:attachment":[{"href":"https:\/\/valsainte.ch\/en\/wp-json\/wp\/v2\/media?parent=127"}],"curies":[{"name":"wp","href":"https:\/\/api.w.org\/{rel}","templated":true}]}}