{"id":56,"date":"2021-05-18T13:28:09","date_gmt":"2021-05-18T11:28:09","guid":{"rendered":"https:\/\/valsainte.ch\/?page_id=56"},"modified":"2021-06-25T15:37:26","modified_gmt":"2021-06-25T13:37:26","slug":"la-valsainte","status":"publish","type":"page","link":"https:\/\/valsainte.ch\/en\/la-valsainte\/","title":{"rendered":"La Valsainte"},"content":{"rendered":"<div class=\"wp-block-columns is-layout-flex wp-container-core-columns-is-layout-9d6595d7 wp-block-columns-is-layout-flex\">\n<div class=\"wp-block-column is-layout-flow wp-block-column-is-layout-flow\" style=\"flex-basis:33.33%\">\n<figure class=\"wp-block-image size-large\"><img loading=\"lazy\" decoding=\"async\" width=\"1024\" height=\"1024\" src=\"http:\/\/valsainte.ch\/wp-content\/uploads\/2021\/05\/cropped-logo_valsainte_FondTransp-e1621327413131-1024x1024.png\" alt=\"\" class=\"wp-image-26\" srcset=\"https:\/\/valsainte.ch\/wp-content\/uploads\/2021\/05\/cropped-logo_valsainte_FondTransp-e1621327413131-1024x1024.png 1024w, https:\/\/valsainte.ch\/wp-content\/uploads\/2021\/05\/cropped-logo_valsainte_FondTransp-e1621327413131-300x300.png 300w, https:\/\/valsainte.ch\/wp-content\/uploads\/2021\/05\/cropped-logo_valsainte_FondTransp-e1621327413131-100x100.png 100w, https:\/\/valsainte.ch\/wp-content\/uploads\/2021\/05\/cropped-logo_valsainte_FondTransp-e1621327413131-600x600.png 600w, https:\/\/valsainte.ch\/wp-content\/uploads\/2021\/05\/cropped-logo_valsainte_FondTransp-e1621327413131-150x150.png 150w, https:\/\/valsainte.ch\/wp-content\/uploads\/2021\/05\/cropped-logo_valsainte_FondTransp-e1621327413131-768x768.png 768w, https:\/\/valsainte.ch\/wp-content\/uploads\/2021\/05\/cropped-logo_valsainte_FondTransp-e1621327413131-1536x1536.png 1536w, https:\/\/valsainte.ch\/wp-content\/uploads\/2021\/05\/cropped-logo_valsainte_FondTransp-e1621327413131-2048x2048.png 2048w\" sizes=\"auto, (max-width: 1024px) 100vw, 1024px\" \/><\/figure>\n<\/div>\n\n\n\n<div class=\"wp-block-column is-layout-flow wp-block-column-is-layout-flow\" style=\"flex-basis:66.66%\">\n<h3 class=\"wp-block-heading\">La Valsainte<\/h3>\n\n\n\n<p><em>Les \u00e9ditions La Valsainte publishing house was founded in 1999 in the Valsainte neighborhood in Vevey, on the shores of Lake Geneva in Switzerland. They published in facsimile the book by Jean-Jacques Dufour, winegrower from the Vevey region who emigrated to the United States in 1796, and founded the town of Vevay, capital of Switzerland County in the state of Indiana. This book was then translated and edited in French in a richly illustrated translation. A new illustrated English edition was subsequently co-published with Purdue University, Indiana.<\/em><\/p>\n\n\n\n<p><em>In 2010, Les \u00e9ditions La Valsainte and the Po\u00e9sies association published and distributed 50,000 copies of a pocket-sized poetic anthology worldwide when the 13th Francophonie summit in Montreux took place. They received the official logo of this summit. They then published a second pocket anthology. In May 2021, they published Anthology 3, and distributed nearly 5,000 copies on May 19 and May 20 in school establishments of the Vevey-Montreux region, as a personal gift intended for the pupils and teachers of said establishments.<\/em><\/p>\n<\/div>\n<\/div>\n\n\n\n<div class=\"wp-block-columns is-layout-flex wp-container-core-columns-is-layout-9d6595d7 wp-block-columns-is-layout-flex\">\n<div class=\"wp-block-column is-layout-flow wp-block-column-is-layout-flow\" style=\"flex-basis:33.33%\">\n<figure class=\"wp-block-image size-large\"><img loading=\"lazy\" decoding=\"async\" width=\"600\" height=\"730\" src=\"https:\/\/valsainte.ch\/wp-content\/uploads\/2021\/06\/yvon-bordet-2.jpg\" alt=\"\" class=\"wp-image-225\" srcset=\"https:\/\/valsainte.ch\/wp-content\/uploads\/2021\/06\/yvon-bordet-2.jpg 600w, https:\/\/valsainte.ch\/wp-content\/uploads\/2021\/06\/yvon-bordet-2-400x487.jpg 400w, https:\/\/valsainte.ch\/wp-content\/uploads\/2021\/06\/yvon-bordet-2-10x12.jpg 10w\" sizes=\"auto, (max-width: 600px) 100vw, 600px\" \/><\/figure>\n<\/div>\n\n\n\n<div class=\"wp-block-column is-layout-flow wp-block-column-is-layout-flow\" style=\"flex-basis:66.66%\">\n<h3 class=\"wp-block-heading\">Yvon Bordet<\/h3>\n\n\n\n<p>Yvon Bordet est directeur des \u00c9ditions La Valsainte \u00e0 Vevey (Suisse) et chercheur associ\u00e9 au Centre Lucien Tesni\u00e8re de Traitement Automatique des Langues \u00e0 l\u2019Universit\u00e9 de Franche-Comt\u00e9 \u00e0 Besan\u00e7on (France). Sp\u00e9cialis\u00e9 dans l\u2019enseignement du Fran\u00e7ais Langue \u00c9trang\u00e8re, il a enseign\u00e9 le fran\u00e7ais langue maternelle et le Fran\u00e7ais Langue \u00c9trang\u00e8re (FLE) en France, en Suisse, aux Etats-Unis.<\/p>\n\n\n\n<p>His research at the University reveals that the emphasis of teaching poetry and literature as an early age, and at the beginner\u2019 stage for those learning a second language, can and ought to be made a priority. Dr. Yves Bordet has developed a software available on line showing that some literary texts are accessible as of the age of six. Said software provides the age to which a text is accessible for a student schooled in the French language, as well as the European Level (from A1 to C2) for a student learning French as a second language.<\/p>\n\n\n\n<p>In literature, as in architecture, \u201conly extreme simplicity leads to the sublime\". Poetry is a form of extreme simplicity.<\/p>\n<\/div>\n<\/div>","protected":false},"excerpt":{"rendered":"<p>La Valsainte Les \u00e9ditions La Valsainte ont \u00e9t\u00e9 fond\u00e9es en 1999 dans le quartier de la Valsainte \u00e0 Vevey au [&hellip;]<\/p>\n","protected":false},"author":3,"featured_media":0,"parent":0,"menu_order":0,"comment_status":"closed","ping_status":"closed","template":"","meta":{"footnotes":""},"class_list":["post-56","page","type-page","status-publish","hentry"],"_links":{"self":[{"href":"https:\/\/valsainte.ch\/en\/wp-json\/wp\/v2\/pages\/56","targetHints":{"allow":["GET"]}}],"collection":[{"href":"https:\/\/valsainte.ch\/en\/wp-json\/wp\/v2\/pages"}],"about":[{"href":"https:\/\/valsainte.ch\/en\/wp-json\/wp\/v2\/types\/page"}],"author":[{"embeddable":true,"href":"https:\/\/valsainte.ch\/en\/wp-json\/wp\/v2\/users\/3"}],"replies":[{"embeddable":true,"href":"https:\/\/valsainte.ch\/en\/wp-json\/wp\/v2\/comments?post=56"}],"version-history":[{"count":7,"href":"https:\/\/valsainte.ch\/en\/wp-json\/wp\/v2\/pages\/56\/revisions"}],"predecessor-version":[{"id":226,"href":"https:\/\/valsainte.ch\/en\/wp-json\/wp\/v2\/pages\/56\/revisions\/226"}],"wp:attachment":[{"href":"https:\/\/valsainte.ch\/en\/wp-json\/wp\/v2\/media?parent=56"}],"curies":[{"name":"wp","href":"https:\/\/api.w.org\/{rel}","templated":true}]}}