{"id":309,"date":"2026-03-19T15:10:02","date_gmt":"2026-03-19T14:10:02","guid":{"rendered":"https:\/\/valsainte.ch\/?post_type=product&#038;p=309"},"modified":"2026-03-19T15:14:55","modified_gmt":"2026-03-19T14:14:55","slug":"amazon-fr-le-logos-avec-les-robots-retour-aux-fondamentaux-de-la-linguistique-appliquee-a-la-litterature-appliquee","status":"publish","type":"product","link":"https:\/\/valsainte.ch\/en\/product\/amazon-fr-le-logos-avec-les-robots-retour-aux-fondamentaux-de-la-linguistique-appliquee-a-la-litterature-appliquee\/","title":{"rendered":"Amazon.fr &#8211; Le Logos avec les robots: Retour aux fondamentaux de la Linguistique Appliqu\u00e9e \u00e0 la litt\u00e9rature appliqu\u00e9e"},"content":{"rendered":"<p>L&rsquo;intelligence artificielle d\u00e9ploie aujourd&rsquo;hui une puissance op\u00e9ratoire sans pr\u00e9c\u00e9dent :<br \/>\nelle calcule, traduit, r\u00e9dige, synth\u00e9tise, imite \u2014 parfois jusqu&rsquo;\u00e0 donner l&rsquo;illusion de comprendre. Mais cette puissance ne r\u00e9pond pas, \u00e0 elle seule, \u00e0 la question d\u00e9cisive : que faisons-nous de ce pouvoir, et selon quel ordre int\u00e9rieur le mettons-nous en \u0153uvre ?<\/p>\n<p>Le logos est ce qui, en l&rsquo;homme, ne se r\u00e9duit pas \u00e0 l&rsquo;activit\u00e9, ni \u00e0 la performance, ni au traitement d&rsquo;information :<br \/>\nla capacit\u00e9 d&rsquo;articuler, de juger, de relier, de donner forme et sens. L\u00e0 o\u00f9 la machine excelle dans l&rsquo;instantan\u00e9 et le cumulatif, le logos s&rsquo;\u00e9prouve dans l&rsquo;attention, l&rsquo;exactitude, la patience, l&rsquo;int\u00e9riorit\u00e9. Plus la machine se montre bruyamment, plus elle tente de dissimuler sa st\u00e9rilit\u00e9 bas\u00e9e sur une langue de commande, de flux, de \u00ab\u00a0comm\u00a0\u00bb, une novlangue de bois, \u00abacratop\u00e8ge\u00bb c&rsquo;est-\u00e0-dire sans vigueur, plate, insipide, sans sel, ennuyeuse et fig\u00e9e.<\/p>\n<p>Ce livre suit trois mouvements:<\/p>\n<ol>\n<li>La litt\u00e9rature appliqu\u00e9e, ou l&rsquo;art du logos incarn\u00e9<\/li>\n<li>La linguistique appliqu\u00e9e, ou la rupture du fil rouge grec<\/li>\n<li>L&rsquo;enjeu : renouer ce fil, rendre au logos sa place au-dessus de toute domination.<\/li>\n<\/ol>\n<p>R\u00e9habiliter l&rsquo;attention, la m\u00e9moire, la lecture lente, la r\u00e9citation, l&rsquo;\u00e9criture soign\u00e9e :<br \/>\nvoil\u00e0 les v\u00e9ritables exercices de souverainet\u00e9 \u00e0 l&rsquo;\u00e2ge des robots. Car l&rsquo;enjeu n&rsquo;est pas de refuser la technique, mais de refuser la d\u00e9mission. L&rsquo;IA peut amplifier nos capacit\u00e9s ; elle ne doit pas d\u00e9finir nos finalit\u00e9s. Remettre l&rsquo;outil \u00e0 sa place, rendre au logos sa fonction directrice :<br \/>\ntelle est l&rsquo;ambition de ce livre.<\/p>\n<p>La gr\u00e2ce et la v\u00e9rit\u00e9 viennent par le logos; les robots, eux, en restent \u00e0 l&rsquo;acratop\u00e8ge.<\/p>","protected":false},"excerpt":{"rendered":"<p>De: Yvon Bordet<br \/>\nEditions La Valsainte<\/p>\n<p>Retour aux fondamentaux de la linguistique appliqu\u00e9e \u00e0 la litt\u00e9rure appliqu\u00e9e.<\/p>\n<p><a href=\"https:\/\/www.amazon.fr\/Logos-avec-robots-fondamentaux-Linguistique\/dp\/297005437X?__mk_fr_FR=%C3%85M%C3%85%C5%BD%C3%95%C3%91&#038;crid=FY8S0507I95E&#038;dib=eyJ2IjoiMSJ9.-i8lgmgE97x8kcJGU73ebgiodkpLAl2aoZxMCkNaVFA.Q_MEFLEXiXyeVrW6jOc62eCujKllwRr6-NLwF4iQmTE&#038;dib_tag=se&#038;keywords=le+logos+avec+les+robots&#038;qid=1773929661&#038;sprefix=le+logos+avec+les+robots%2Caps%2C247&#038;sr=8-1\" target=\"_blank\">Livre broch\u00e9 sur Amazon<\/a><br \/>\n<a href=\"https:\/\/www.amazon.fr\/Logos-avec-robots-fondamentaux-Linguistique-ebook\/dp\/B0GQC5XGNY?_encoding=UTF8&#038;dib_tag=se&#038;dib=eyJ2IjoiMSJ9.-i8lgmgE97x8kcJGU73ebgiodkpLAl2aoZxMCkNaVFA.Q_MEFLEXiXyeVrW6jOc62eCujKllwRr6-NLwF4iQmTE&#038;qid=1773929661&#038;sr=8-1\" target=\"_blank\">Livre \u00e9lectronique (Kindle, Epub, Pdf)<\/a><\/p>","protected":false},"featured_media":310,"comment_status":"open","ping_status":"closed","template":"","meta":[],"product_brand":[],"product_cat":[21],"product_tag":[],"class_list":{"0":"post-309","1":"product","2":"type-product","3":"status-publish","4":"has-post-thumbnail","6":"product_cat-livres","8":"first","9":"instock","10":"taxable","11":"shipping-taxable","12":"product-type-simple"},"_links":{"self":[{"href":"https:\/\/valsainte.ch\/en\/wp-json\/wp\/v2\/product\/309","targetHints":{"allow":["GET"]}}],"collection":[{"href":"https:\/\/valsainte.ch\/en\/wp-json\/wp\/v2\/product"}],"about":[{"href":"https:\/\/valsainte.ch\/en\/wp-json\/wp\/v2\/types\/product"}],"replies":[{"embeddable":true,"href":"https:\/\/valsainte.ch\/en\/wp-json\/wp\/v2\/comments?post=309"}],"wp:featuredmedia":[{"embeddable":true,"href":"https:\/\/valsainte.ch\/en\/wp-json\/wp\/v2\/media\/310"}],"wp:attachment":[{"href":"https:\/\/valsainte.ch\/en\/wp-json\/wp\/v2\/media?parent=309"}],"wp:term":[{"taxonomy":"product_brand","embeddable":true,"href":"https:\/\/valsainte.ch\/en\/wp-json\/wp\/v2\/product_brand?post=309"},{"taxonomy":"product_cat","embeddable":true,"href":"https:\/\/valsainte.ch\/en\/wp-json\/wp\/v2\/product_cat?post=309"},{"taxonomy":"product_tag","embeddable":true,"href":"https:\/\/valsainte.ch\/en\/wp-json\/wp\/v2\/product_tag?post=309"}],"curies":[{"name":"wp","href":"https:\/\/api.w.org\/{rel}","templated":true}]}}